{"id":133,"date":"2009-08-17T15:55:58","date_gmt":"2009-08-17T13:55:58","guid":{"rendered":"http:\/\/senzalenti.rishisrl.it\/?page_id=133"},"modified":"2022-05-05T09:55:56","modified_gmt":"2022-05-05T07:55:56","slug":"presentazione","status":"publish","type":"page","link":"https:\/\/senzalenti.it\/","title":{"rendered":"Presentazione"},"content":{"rendered":"\n<p class=\"prima\">ti sei accorto che gli occhiali da vista o le lenti a contatto ti stancano, e pi\u00fa li usi <em><strong>peggio ci vedi<\/strong><\/em>?<\/p>\n\n\n\n<p>forse sei <em><strong>presbite<\/strong><\/em> e fai fatica a l\u00e8ggere i caratteri piccoli da vicino<\/p>\n\n\n\n<p>forse sei <em><strong>miope<\/strong><\/em> e tendi a fissare lo sguardo e ad aspettare che le lettere diventino pi\u00fa nitide, mentre in realt\u00e0 tendono a sbiadirsi, e col tempo hai bisogno di occhiali sempre pi\u00fa forti<\/p>\n\n\n\n<p>forse sei <em><strong>ipermetrope<\/strong><\/em> e la tua vista varia, e certi giorni neanche con gli occhiali riesci a l\u00e8ggere bene<\/p>\n\n\n\n<p>forse sei <em><strong>astigmatico<\/strong><\/em> e spesso quando gli occhiali si spostano sul naso le righe o le lettere improvvisamente si mischiano o compaiono intorno a esse dei bordi colorati molto fastidiosi e stancanti<\/p>\n\n\n\n<p>forse ti d\u00e0 <em><strong>fastidio<\/strong><\/em> il sole<\/p>\n\n\n\n<p>forse sei gi\u00e0 passato dalle lenti <em><strong>bifocali<\/strong><\/em> a quelle <em><strong>progressive<\/strong><\/em>, che senti essere una vera tortura mentale<\/p>\n\n\n\n<p>forse ti hanno operato con il <strong>laser<\/strong> e hai perso un pezzo di occhio che non ricrescer\u00e0 mai pi\u00fa e hai gi\u00e0 bisogno di un \u00abritocchino\u00bb?<\/p>\n\n\n\n<p>allora<\/p>\n\n\n\n<p class=\"prima\">forse puoi trarre grande beneficio dai<\/p>\n\n\n\n<h4 class=\"wp-block-heading\">SenzaLenti eyemoving\u2122<\/h4>\n\n\n\n<figure class=\"wp-block-image alignwide size-large\"><img loading=\"lazy\" decoding=\"async\" width=\"1024\" height=\"855\" src=\"https:\/\/senzalenti.it\/public\/uploads\/sites\/8\/2021\/01\/senzalenti-onda-sito-1024x855.jpg\" alt=\"\" class=\"wp-image-2851\" title=\"SenzaLenti eyeMoving\u2122\" srcset=\"https:\/\/senzalenti.it\/public\/uploads\/sites\/8\/2021\/01\/senzalenti-onda-sito-1024x855.jpg 1024w, https:\/\/senzalenti.it\/public\/uploads\/sites\/8\/2021\/01\/senzalenti-onda-sito-300x251.jpg 300w, https:\/\/senzalenti.it\/public\/uploads\/sites\/8\/2021\/01\/senzalenti-onda-sito-768x642.jpg 768w, https:\/\/senzalenti.it\/public\/uploads\/sites\/8\/2021\/01\/senzalenti-onda-sito-1536x1283.jpg 1536w, https:\/\/senzalenti.it\/public\/uploads\/sites\/8\/2021\/01\/senzalenti-onda-sito-2048x1711.jpg 2048w, https:\/\/senzalenti.it\/public\/uploads\/sites\/8\/2021\/01\/senzalenti-onda-sito-324x271.jpg 324w, https:\/\/senzalenti.it\/public\/uploads\/sites\/8\/2021\/01\/senzalenti-onda-sito-416x348.jpg 416w\" sizes=\"auto, (max-width: 1024px) 100vw, 1024px\" \/><\/figure>\n\n\n\n<p>un <strong>dispositivo a foro stenopeico come ausilio visivo<\/strong> che ti pu\u00f2 consentire di leggere s\u00fabito meglio a occhio nudo e che ha aiutato tanti come te a ridurre la dipendenza dalle lenti graduate e a trovare il sollievo che cerchi.<\/p>\n\n\n\n<h2 class=\"wp-block-heading\">Gli ultimi modelli<\/h2>\n\n\n<div data-block-name=\"woocommerce\/product-new\" data-content-visibility=\"{&quot;title&quot;:true,&quot;price&quot;:true,&quot;rating&quot;:false,&quot;button&quot;:true}\" class=\"wc-block-grid wp-block-product-new wp-block-woocommerce-product-new wc-block-product-new has-3-columns has-multiple-rows\"><ul class=\"wc-block-grid__products\"><li class=\"wc-block-grid__product\">\n\t\t\t\t<a href=\"https:\/\/senzalenti.it\/?product=senzalenti-41-15-grigioarenaria-traslucido-satinato-flessibile\" class=\"wc-block-grid__product-link\">\n\t\t\t\t\t\n\t\t\t\t\t<div class=\"wc-block-grid__product-image\"><img loading=\"lazy\" decoding=\"async\" width=\"324\" height=\"137\" src=\"https:\/\/senzalenti.it\/public\/uploads\/sites\/8\/2022\/06\/41-15-1-324x137.jpg\" class=\"attachment-woocommerce_thumbnail size-woocommerce_thumbnail\" alt=\"SenzaLenti 41-15 grigioArenaria traslucido satinato flessibile\" srcset=\"https:\/\/senzalenti.it\/public\/uploads\/sites\/8\/2022\/06\/41-15-1-324x137.jpg 324w, https:\/\/senzalenti.it\/public\/uploads\/sites\/8\/2022\/06\/41-15-1-300x127.jpg 300w, https:\/\/senzalenti.it\/public\/uploads\/sites\/8\/2022\/06\/41-15-1-1024x433.jpg 1024w, https:\/\/senzalenti.it\/public\/uploads\/sites\/8\/2022\/06\/41-15-1-768x325.jpg 768w, https:\/\/senzalenti.it\/public\/uploads\/sites\/8\/2022\/06\/41-15-1-1536x649.jpg 1536w, https:\/\/senzalenti.it\/public\/uploads\/sites\/8\/2022\/06\/41-15-1-2048x866.jpg 2048w, https:\/\/senzalenti.it\/public\/uploads\/sites\/8\/2022\/06\/41-15-1-416x176.jpg 416w\" sizes=\"auto, (max-width: 324px) 100vw, 324px\" \/><\/div>\n\t\t\t\t\t<div class=\"wc-block-grid__product-title\">SenzaLenti 41-15 grigioArenaria traslucido satinato flessibile<\/div>\n\t\t\t\t<\/a>\n\t\t\t\t<div class=\"wc-block-grid__product-price price\"><span class=\"woocommerce-Price-amount amount\"><span class=\"woocommerce-Price-currencySymbol\">&euro;<\/span>&nbsp;69.00<\/span><\/div>\n\t\t\t\t\n\t\t\t\t<div class=\"wp-block-button wc-block-grid__product-add-to-cart\"><a href=\"\/index.php?rest_route=%2Fwp%2Fv2%2Fpages%2F133&#038;add-to-cart=3123\" aria-label=\"Aggiungi al carrello: &ldquo;SenzaLenti 41-15 grigioArenaria traslucido satinato flessibile&rdquo;\" data-quantity=\"1\" data-product_id=\"3123\" data-product_sku=\"41-15\" data-price=\"69\" rel=\"nofollow\" class=\"wp-block-button__link  add_to_cart_button ajax_add_to_cart\">Aggiungi al carrello<\/a><\/div>\n\t\t\t<\/li><li class=\"wc-block-grid__product\">\n\t\t\t\t<a href=\"https:\/\/senzalenti.it\/?product=senzalenti-agata-anice-semitrasparente-lucido\" class=\"wc-block-grid__product-link\">\n\t\t\t\t\t\n\t\t\t\t\t<div class=\"wc-block-grid__product-image\"><img loading=\"lazy\" decoding=\"async\" width=\"324\" height=\"155\" src=\"https:\/\/senzalenti.it\/public\/uploads\/sites\/8\/2020\/12\/agata-c04-1-324x155.jpg\" class=\"attachment-woocommerce_thumbnail size-woocommerce_thumbnail\" alt=\"SenzaLenti Agata anice semitrasparente lucido\" srcset=\"https:\/\/senzalenti.it\/public\/uploads\/sites\/8\/2020\/12\/agata-c04-1-324x155.jpg 324w, https:\/\/senzalenti.it\/public\/uploads\/sites\/8\/2020\/12\/agata-c04-1-300x144.jpg 300w, https:\/\/senzalenti.it\/public\/uploads\/sites\/8\/2020\/12\/agata-c04-1-1024x491.jpg 1024w, https:\/\/senzalenti.it\/public\/uploads\/sites\/8\/2020\/12\/agata-c04-1-768x368.jpg 768w, https:\/\/senzalenti.it\/public\/uploads\/sites\/8\/2020\/12\/agata-c04-1-1536x737.jpg 1536w, https:\/\/senzalenti.it\/public\/uploads\/sites\/8\/2020\/12\/agata-c04-1-2048x982.jpg 2048w, https:\/\/senzalenti.it\/public\/uploads\/sites\/8\/2020\/12\/agata-c04-1-416x200.jpg 416w\" sizes=\"auto, (max-width: 324px) 100vw, 324px\" \/><\/div>\n\t\t\t\t\t<div class=\"wc-block-grid__product-title\">SenzaLenti Agata anice semitrasparente lucido<\/div>\n\t\t\t\t<\/a>\n\t\t\t\t<div class=\"wc-block-grid__product-price price\"><span class=\"woocommerce-Price-amount amount\"><span class=\"woocommerce-Price-currencySymbol\">&euro;<\/span>&nbsp;69.00<\/span><\/div>\n\t\t\t\t\n\t\t\t\t<div class=\"wp-block-button wc-block-grid__product-add-to-cart\"><a href=\"\/index.php?rest_route=%2Fwp%2Fv2%2Fpages%2F133&#038;add-to-cart=2690\" aria-label=\"Aggiungi al carrello: &ldquo;SenzaLenti Agata anice semitrasparente lucido&rdquo;\" data-quantity=\"1\" data-product_id=\"2690\" data-product_sku=\"agata-c03\" data-price=\"69\" rel=\"nofollow\" class=\"wp-block-button__link  add_to_cart_button ajax_add_to_cart\">Aggiungi al carrello<\/a><\/div>\n\t\t\t<\/li><li class=\"wc-block-grid__product\">\n\t\t\t\t<a href=\"https:\/\/senzalenti.it\/?product=senzalenti-8610-donna-nero-opaco\" class=\"wc-block-grid__product-link\">\n\t\t\t\t\t\n\t\t\t\t\t<div class=\"wc-block-grid__product-image\"><img loading=\"lazy\" decoding=\"async\" width=\"324\" height=\"146\" src=\"https:\/\/senzalenti.it\/public\/uploads\/sites\/8\/2020\/12\/8610-donna-1-324x146.jpg\" class=\"attachment-woocommerce_thumbnail size-woocommerce_thumbnail\" alt=\"SenzaLenti 8610 Donna nero opaco\" srcset=\"https:\/\/senzalenti.it\/public\/uploads\/sites\/8\/2020\/12\/8610-donna-1-324x146.jpg 324w, https:\/\/senzalenti.it\/public\/uploads\/sites\/8\/2020\/12\/8610-donna-1-300x135.jpg 300w, https:\/\/senzalenti.it\/public\/uploads\/sites\/8\/2020\/12\/8610-donna-1-1024x461.jpg 1024w, https:\/\/senzalenti.it\/public\/uploads\/sites\/8\/2020\/12\/8610-donna-1-768x346.jpg 768w, https:\/\/senzalenti.it\/public\/uploads\/sites\/8\/2020\/12\/8610-donna-1-1536x692.jpg 1536w, https:\/\/senzalenti.it\/public\/uploads\/sites\/8\/2020\/12\/8610-donna-1-2048x922.jpg 2048w, https:\/\/senzalenti.it\/public\/uploads\/sites\/8\/2020\/12\/8610-donna-1-416x187.jpg 416w\" sizes=\"auto, (max-width: 324px) 100vw, 324px\" \/><\/div>\n\t\t\t\t\t<div class=\"wc-block-grid__product-title\">SenzaLenti 8610 Donna nero opaco<\/div>\n\t\t\t\t<\/a>\n\t\t\t\t<div class=\"wc-block-grid__product-price price\"><span class=\"woocommerce-Price-amount amount\"><span class=\"woocommerce-Price-currencySymbol\">&euro;<\/span>&nbsp;59.00<\/span><\/div>\n\t\t\t\t\n\t\t\t\t<div class=\"wp-block-button wc-block-grid__product-add-to-cart\"><a href=\"\/index.php?rest_route=%2Fwp%2Fv2%2Fpages%2F133&#038;add-to-cart=2677\" aria-label=\"Aggiungi al carrello: &ldquo;SenzaLenti 8610 Donna nero opaco&rdquo;\" data-quantity=\"1\" data-product_id=\"2677\" data-product_sku=\"8610-donna\" data-price=\"59\" rel=\"nofollow\" class=\"wp-block-button__link  add_to_cart_button ajax_add_to_cart\">Aggiungi al carrello<\/a><\/div>\n\t\t\t<\/li><li class=\"wc-block-grid__product\">\n\t\t\t\t<a href=\"https:\/\/senzalenti.it\/?product=senzalenti-valentina-pieghevole-bianco-a-specchio\" class=\"wc-block-grid__product-link\">\n\t\t\t\t\t\n\t\t\t\t\t<div class=\"wc-block-grid__product-image\"><img loading=\"lazy\" decoding=\"async\" width=\"324\" height=\"147\" src=\"https:\/\/senzalenti.it\/public\/uploads\/sites\/8\/2020\/12\/valentina-1-324x147.jpg\" class=\"attachment-woocommerce_thumbnail size-woocommerce_thumbnail\" alt=\"SenzaLenti Valentina pieghevole bianco a specchio\" srcset=\"https:\/\/senzalenti.it\/public\/uploads\/sites\/8\/2020\/12\/valentina-1-324x147.jpg 324w, https:\/\/senzalenti.it\/public\/uploads\/sites\/8\/2020\/12\/valentina-1-300x136.jpg 300w, https:\/\/senzalenti.it\/public\/uploads\/sites\/8\/2020\/12\/valentina-1-1024x463.jpg 1024w, https:\/\/senzalenti.it\/public\/uploads\/sites\/8\/2020\/12\/valentina-1-768x347.jpg 768w, https:\/\/senzalenti.it\/public\/uploads\/sites\/8\/2020\/12\/valentina-1-1536x695.jpg 1536w, https:\/\/senzalenti.it\/public\/uploads\/sites\/8\/2020\/12\/valentina-1-2048x926.jpg 2048w, https:\/\/senzalenti.it\/public\/uploads\/sites\/8\/2020\/12\/valentina-1-416x188.jpg 416w\" sizes=\"auto, (max-width: 324px) 100vw, 324px\" \/><\/div>\n\t\t\t\t\t<div class=\"wc-block-grid__product-title\">SenzaLenti Valentina pieghevole bianco a specchio<\/div>\n\t\t\t\t<\/a>\n\t\t\t\t<div class=\"wc-block-grid__product-price price\"><span class=\"woocommerce-Price-amount amount\"><span class=\"woocommerce-Price-currencySymbol\">&euro;<\/span>&nbsp;69.00<\/span><\/div>\n\t\t\t\t\n\t\t\t\t<div class=\"wp-block-button wc-block-grid__product-add-to-cart\"><a href=\"\/index.php?rest_route=%2Fwp%2Fv2%2Fpages%2F133&#038;add-to-cart=2660\" aria-label=\"Aggiungi al carrello: &ldquo;SenzaLenti Valentina pieghevole bianco a specchio&rdquo;\" data-quantity=\"1\" data-product_id=\"2660\" data-product_sku=\"valentina-bianco\" data-price=\"69\" rel=\"nofollow\" class=\"wp-block-button__link  add_to_cart_button ajax_add_to_cart\">Aggiungi al carrello<\/a><\/div>\n\t\t\t<\/li><li class=\"wc-block-grid__product\">\n\t\t\t\t<a href=\"https:\/\/senzalenti.it\/?product=senzalenti-letturabis-rossocarminio\" class=\"wc-block-grid__product-link\">\n\t\t\t\t\t\n\t\t\t\t\t<div class=\"wc-block-grid__product-image\"><img loading=\"lazy\" decoding=\"async\" width=\"324\" height=\"91\" src=\"https:\/\/senzalenti.it\/public\/uploads\/sites\/8\/2020\/12\/TH84-p386-1-1-416x117.jpg\" class=\"attachment-woocommerce_thumbnail size-woocommerce_thumbnail\" alt=\"SenzaLenti LetturaBis RossoCarminio\" srcset=\"https:\/\/senzalenti.it\/public\/uploads\/sites\/8\/2020\/12\/TH84-p386-1-1-416x117.jpg 416w, https:\/\/senzalenti.it\/public\/uploads\/sites\/8\/2020\/12\/TH84-p386-1-1-300x84.jpg 300w, https:\/\/senzalenti.it\/public\/uploads\/sites\/8\/2020\/12\/TH84-p386-1-1-1024x287.jpg 1024w, https:\/\/senzalenti.it\/public\/uploads\/sites\/8\/2020\/12\/TH84-p386-1-1-768x215.jpg 768w, https:\/\/senzalenti.it\/public\/uploads\/sites\/8\/2020\/12\/TH84-p386-1-1-1536x430.jpg 1536w, https:\/\/senzalenti.it\/public\/uploads\/sites\/8\/2020\/12\/TH84-p386-1-1-2048x574.jpg 2048w\" sizes=\"auto, (max-width: 324px) 100vw, 324px\" \/><\/div>\n\t\t\t\t\t<div class=\"wc-block-grid__product-title\">SenzaLenti LetturaBis RossoCarminio<\/div>\n\t\t\t\t<\/a>\n\t\t\t\t<div class=\"wc-block-grid__product-price price\"><span class=\"woocommerce-Price-amount amount\"><span class=\"woocommerce-Price-currencySymbol\">&euro;<\/span>&nbsp;69.00<\/span><\/div>\n\t\t\t\t\n\t\t\t\t<div class=\"wp-block-button wc-block-grid__product-add-to-cart\"><a href=\"\/index.php?rest_route=%2Fwp%2Fv2%2Fpages%2F133&#038;add-to-cart=2367\" aria-label=\"Aggiungi al carrello: &ldquo;SenzaLenti LetturaBis RossoCarminio&rdquo;\" data-quantity=\"1\" data-product_id=\"2367\" data-product_sku=\"TH84-P386\" data-price=\"69\" rel=\"nofollow\" class=\"wp-block-button__link  add_to_cart_button ajax_add_to_cart\">Aggiungi al carrello<\/a><\/div>\n\t\t\t<\/li><li class=\"wc-block-grid__product\">\n\t\t\t\t<a href=\"https:\/\/senzalenti.it\/?product=senzalenti-arrotondato-oro-gommato\" class=\"wc-block-grid__product-link\">\n\t\t\t\t\t\n\t\t\t\t\t<div class=\"wc-block-grid__product-image\"><img loading=\"lazy\" decoding=\"async\" width=\"324\" height=\"122\" src=\"https:\/\/senzalenti.it\/public\/uploads\/sites\/8\/2020\/12\/arrotondato-oro-gommato-scaled-416x157.jpg\" class=\"attachment-woocommerce_thumbnail size-woocommerce_thumbnail\" alt=\"SenzaLenti Arrotondato Oro gommato\" srcset=\"https:\/\/senzalenti.it\/public\/uploads\/sites\/8\/2020\/12\/arrotondato-oro-gommato-scaled-416x157.jpg 416w, https:\/\/senzalenti.it\/public\/uploads\/sites\/8\/2020\/12\/arrotondato-oro-gommato-scaled-300x113.jpg 300w, https:\/\/senzalenti.it\/public\/uploads\/sites\/8\/2020\/12\/arrotondato-oro-gommato-scaled-1024x386.jpg 1024w, https:\/\/senzalenti.it\/public\/uploads\/sites\/8\/2020\/12\/arrotondato-oro-gommato-scaled-768x290.jpg 768w, https:\/\/senzalenti.it\/public\/uploads\/sites\/8\/2020\/12\/arrotondato-oro-gommato-scaled-1536x580.jpg 1536w, https:\/\/senzalenti.it\/public\/uploads\/sites\/8\/2020\/12\/arrotondato-oro-gommato-scaled-2048x773.jpg 2048w\" sizes=\"auto, (max-width: 324px) 100vw, 324px\" \/><\/div>\n\t\t\t\t\t<div class=\"wc-block-grid__product-title\">SenzaLenti Arrotondato Oro gommato<\/div>\n\t\t\t\t<\/a>\n\t\t\t\t<div class=\"wc-block-grid__product-price price\"><del aria-hidden=\"true\"><span class=\"woocommerce-Price-amount amount\"><span class=\"woocommerce-Price-currencySymbol\">&euro;<\/span>&nbsp;59.00<\/span><\/del> <span class=\"screen-reader-text\">Il prezzo originale era: &euro;&nbsp;59.00.<\/span><ins aria-hidden=\"true\"><span class=\"woocommerce-Price-amount amount\"><span class=\"woocommerce-Price-currencySymbol\">&euro;<\/span>&nbsp;39.00<\/span><\/ins><span class=\"screen-reader-text\">Il prezzo attuale \u00e8: &euro;&nbsp;39.00.<\/span><\/div>\n\t\t\t\t\n\t\t\t\t<div class=\"wp-block-button wc-block-grid__product-add-to-cart\"><a href=\"\/index.php?rest_route=%2Fwp%2Fv2%2Fpages%2F133&#038;add-to-cart=2312\" aria-label=\"Aggiungi al carrello: &ldquo;SenzaLenti Arrotondato Oro gommato&rdquo;\" data-quantity=\"1\" data-product_id=\"2312\" data-product_sku=\"5001-LG255\" data-price=\"39\" rel=\"nofollow\" class=\"wp-block-button__link  add_to_cart_button ajax_add_to_cart\">Aggiungi al carrello<\/a><\/div>\n\t\t\t<\/li><li class=\"wc-block-grid__product\">\n\t\t\t\t<a href=\"https:\/\/senzalenti.it\/?product=senzalenti-mini-bianco-ghiaccio-traslucido-liscio\" class=\"wc-block-grid__product-link\">\n\t\t\t\t\t\n\t\t\t\t\t<div class=\"wc-block-grid__product-image\"><img loading=\"lazy\" decoding=\"async\" width=\"324\" height=\"125\" src=\"https:\/\/senzalenti.it\/public\/uploads\/sites\/8\/2020\/12\/Mini-Ghiaccio-416x161.jpg\" class=\"attachment-woocommerce_thumbnail size-woocommerce_thumbnail\" alt=\"SenzaLenti Mini Bianco ghiaccio traslucido liscio\" srcset=\"https:\/\/senzalenti.it\/public\/uploads\/sites\/8\/2020\/12\/Mini-Ghiaccio-416x161.jpg 416w, https:\/\/senzalenti.it\/public\/uploads\/sites\/8\/2020\/12\/Mini-Ghiaccio-300x116.jpg 300w, https:\/\/senzalenti.it\/public\/uploads\/sites\/8\/2020\/12\/Mini-Ghiaccio-1024x397.jpg 1024w, https:\/\/senzalenti.it\/public\/uploads\/sites\/8\/2020\/12\/Mini-Ghiaccio-768x298.jpg 768w, https:\/\/senzalenti.it\/public\/uploads\/sites\/8\/2020\/12\/Mini-Ghiaccio.jpg 1280w\" sizes=\"auto, (max-width: 324px) 100vw, 324px\" \/><\/div>\n\t\t\t\t\t<div class=\"wc-block-grid__product-title\">SenzaLenti Mini Bianco ghiaccio traslucido liscio<\/div>\n\t\t\t\t<\/a>\n\t\t\t\t<div class=\"wc-block-grid__product-price price\"><span class=\"woocommerce-Price-amount amount\"><span class=\"woocommerce-Price-currencySymbol\">&euro;<\/span>&nbsp;69.00<\/span><\/div>\n\t\t\t\t\n\t\t\t\t<div class=\"wp-block-button wc-block-grid__product-add-to-cart\"><a href=\"\/index.php?rest_route=%2Fwp%2Fv2%2Fpages%2F133&#038;add-to-cart=2298\" aria-label=\"Aggiungi al carrello: &ldquo;SenzaLenti Mini Bianco ghiaccio traslucido liscio&rdquo;\" data-quantity=\"1\" data-product_id=\"2298\" data-product_sku=\"TH65-P234\" data-price=\"69\" rel=\"nofollow\" class=\"wp-block-button__link  add_to_cart_button ajax_add_to_cart\">Aggiungi al carrello<\/a><\/div>\n\t\t\t<\/li><li class=\"wc-block-grid__product\">\n\t\t\t\t<a href=\"https:\/\/senzalenti.it\/?product=senzalenti-mini-rossoaurora-traslucido-liscio-metallizzato\" class=\"wc-block-grid__product-link\">\n\t\t\t\t\t\n\t\t\t\t\t<div class=\"wc-block-grid__product-image\"><img loading=\"lazy\" decoding=\"async\" width=\"324\" height=\"131\" src=\"https:\/\/senzalenti.it\/public\/uploads\/sites\/8\/2020\/12\/Mini-Aurora-416x168.jpg\" class=\"attachment-woocommerce_thumbnail size-woocommerce_thumbnail\" alt=\"SenzaLenti Mini RossoAurora traslucido liscio metallizzato\" srcset=\"https:\/\/senzalenti.it\/public\/uploads\/sites\/8\/2020\/12\/Mini-Aurora-416x168.jpg 416w, https:\/\/senzalenti.it\/public\/uploads\/sites\/8\/2020\/12\/Mini-Aurora-300x121.jpg 300w, https:\/\/senzalenti.it\/public\/uploads\/sites\/8\/2020\/12\/Mini-Aurora-1024x414.jpg 1024w, https:\/\/senzalenti.it\/public\/uploads\/sites\/8\/2020\/12\/Mini-Aurora-768x310.jpg 768w, https:\/\/senzalenti.it\/public\/uploads\/sites\/8\/2020\/12\/Mini-Aurora.jpg 1280w\" sizes=\"auto, (max-width: 324px) 100vw, 324px\" \/><\/div>\n\t\t\t\t\t<div class=\"wc-block-grid__product-title\">SenzaLenti Mini RossoAurora traslucido liscio metallizzato<\/div>\n\t\t\t\t<\/a>\n\t\t\t\t<div class=\"wc-block-grid__product-price price\"><span class=\"woocommerce-Price-amount amount\"><span class=\"woocommerce-Price-currencySymbol\">&euro;<\/span>&nbsp;69.00<\/span><\/div>\n\t\t\t\t\n\t\t\t\t<div class=\"wp-block-button wc-block-grid__product-add-to-cart\"><a href=\"\/index.php?rest_route=%2Fwp%2Fv2%2Fpages%2F133&#038;add-to-cart=2252\" aria-label=\"Aggiungi al carrello: &ldquo;SenzaLenti Mini RossoAurora traslucido liscio metallizzato&rdquo;\" data-quantity=\"1\" data-product_id=\"2252\" data-product_sku=\"TH65-P309\" data-price=\"69\" rel=\"nofollow\" class=\"wp-block-button__link  add_to_cart_button ajax_add_to_cart\">Aggiungi al carrello<\/a><\/div>\n\t\t\t<\/li><li class=\"wc-block-grid__product\">\n\t\t\t\t<a href=\"https:\/\/senzalenti.it\/?product=senzalenti-mini-rosa-bianco-sfumato-lucido-semi-trasparente\" class=\"wc-block-grid__product-link\">\n\t\t\t\t\t\n\t\t\t\t\t<div class=\"wc-block-grid__product-image\"><img loading=\"lazy\" decoding=\"async\" width=\"324\" height=\"123\" src=\"https:\/\/senzalenti.it\/public\/uploads\/sites\/8\/2020\/12\/Mini-Rosa-Bianco-416x158.jpg\" class=\"attachment-woocommerce_thumbnail size-woocommerce_thumbnail\" alt=\"SenzaLenti Mini Rosa Bianco sfumato lucido semi-trasparente\" srcset=\"https:\/\/senzalenti.it\/public\/uploads\/sites\/8\/2020\/12\/Mini-Rosa-Bianco-416x158.jpg 416w, https:\/\/senzalenti.it\/public\/uploads\/sites\/8\/2020\/12\/Mini-Rosa-Bianco-300x114.jpg 300w, https:\/\/senzalenti.it\/public\/uploads\/sites\/8\/2020\/12\/Mini-Rosa-Bianco-1024x388.jpg 1024w, https:\/\/senzalenti.it\/public\/uploads\/sites\/8\/2020\/12\/Mini-Rosa-Bianco-768x291.jpg 768w, https:\/\/senzalenti.it\/public\/uploads\/sites\/8\/2020\/12\/Mini-Rosa-Bianco.jpg 1280w\" sizes=\"auto, (max-width: 324px) 100vw, 324px\" \/><\/div>\n\t\t\t\t\t<div class=\"wc-block-grid__product-title\">SenzaLenti Mini Rosa Bianco sfumato lucido semi-trasparente<\/div>\n\t\t\t\t<\/a>\n\t\t\t\t<div class=\"wc-block-grid__product-price price\"><span class=\"woocommerce-Price-amount amount\"><span class=\"woocommerce-Price-currencySymbol\">&euro;<\/span>&nbsp;69.00<\/span><\/div>\n\t\t\t\t\n\t\t\t\t<div class=\"wp-block-button wc-block-grid__product-add-to-cart\"><a href=\"\/index.php?rest_route=%2Fwp%2Fv2%2Fpages%2F133&#038;add-to-cart=2251\" aria-label=\"Aggiungi al carrello: &ldquo;SenzaLenti Mini Rosa Bianco sfumato lucido semi-trasparente&rdquo;\" data-quantity=\"1\" data-product_id=\"2251\" data-product_sku=\"TH65-P312\" data-price=\"69\" rel=\"nofollow\" class=\"wp-block-button__link  add_to_cart_button ajax_add_to_cart\">Aggiungi al carrello<\/a><\/div>\n\t\t\t<\/li><\/ul><\/div>\n\n\n<h1 class=\"wp-block-heading\"><a href=\"https:\/\/senzalenti.it\/negozio\/\" data-type=\"page\" data-id=\"2188\">Entra in negozio per vedere tutti gli altri modelli<\/a><\/h1>\n","protected":false},"excerpt":{"rendered":"<p>ti sei accorto che gli occhiali da vista o le lenti a contatto ti stancano, e pi\u00fa li usi peggio ci vedi? forse sei presbite e fai fatica a l\u00e8ggere i caratteri piccoli da vicino forse sei miope e tendi a fissare lo sguardo e ad aspettare che le lettere diventino pi\u00fa nitide, mentre in [&hellip;]<\/p>\n","protected":false},"author":3,"featured_media":0,"parent":0,"menu_order":1,"comment_status":"closed","ping_status":"closed","template":"template-fullwidth.php","meta":{"footnotes":""},"class_list":["post-133","page","type-page","status-publish","hentry"],"_links":{"self":[{"href":"https:\/\/senzalenti.it\/index.php?rest_route=\/wp\/v2\/pages\/133","targetHints":{"allow":["GET"]}}],"collection":[{"href":"https:\/\/senzalenti.it\/index.php?rest_route=\/wp\/v2\/pages"}],"about":[{"href":"https:\/\/senzalenti.it\/index.php?rest_route=\/wp\/v2\/types\/page"}],"author":[{"embeddable":true,"href":"https:\/\/senzalenti.it\/index.php?rest_route=\/wp\/v2\/users\/3"}],"replies":[{"embeddable":true,"href":"https:\/\/senzalenti.it\/index.php?rest_route=%2Fwp%2Fv2%2Fcomments&post=133"}],"version-history":[{"count":0,"href":"https:\/\/senzalenti.it\/index.php?rest_route=\/wp\/v2\/pages\/133\/revisions"}],"wp:attachment":[{"href":"https:\/\/senzalenti.it\/index.php?rest_route=%2Fwp%2Fv2%2Fmedia&parent=133"}],"curies":[{"name":"wp","href":"https:\/\/api.w.org\/{rel}","templated":true}]}}