{"id":311,"date":"2009-08-26T10:39:50","date_gmt":"2009-08-26T08:39:50","guid":{"rendered":"http:\/\/senzalenti.it\/domande-e-risposte-2\/"},"modified":"2022-05-15T11:07:26","modified_gmt":"2022-05-15T09:07:26","slug":"domande-e-risposte","status":"publish","type":"page","link":"https:\/\/senzalenti.it\/?page_id=311","title":{"rendered":"domande e risposte"},"content":{"rendered":"\n            <div class=\"qae-faqs-container qae-faqs-toggle-container\">\n\t\t\t\t\t\t<div id=\"qaef-3061\" class=\"qe-faq-toggle \">\n\t\t\t<div class=\"qe-toggle-title\">\n\t\t\t\t<h4>\n\t\t\t\t\t<i class=\"fa fa-minus-circle\"><\/i> Chi pu\u00f2 usare i dispositivi SenzaLenti\u2122?\ufffc\t\t\t\t<\/h4>\n\t\t\t<\/div>\n\t\t\t<div class=\"qe-toggle-content\">\n\t\t\t\t\n<p>Tutti possono usare i dispositivi SenzaLenti\u2122, a qualunque et\u00e0 e per qualunque problema visivo.&nbsp; I SenzaLenti\u2122 sono dispositivi universali che possono essere indossati liberamente e non hanno alcuna controindicazione.&nbsp; Guardare attraverso i SemzaLenti\u2122 equivale semplicemente a socchiudere gli occhi per limitare l\u2019 afflusso di raggi luminosi, ma con i SenzaLenti\u2122 si evitano le rughe sul viso (le famose zampe di gallina) e gli occhi rimangono in uno stato meno forzoso.<\/p>\n\t\t\t<\/div>\n\t\t<\/div>\n\t\t\t\t<div id=\"qaef-3064\" class=\"qe-faq-toggle \">\n\t\t\t<div class=\"qe-toggle-title\">\n\t\t\t\t<h4>\n\t\t\t\t\t<i class=\"fa fa-minus-circle\"><\/i> Per quanto rempo si possono usare?\ufffc\t\t\t\t<\/h4>\n\t\t\t<\/div>\n\t\t\t<div class=\"qe-toggle-content\">\n\t\t\t\t\n<p>I dispositivi SenzaLenti\u2122 vanno usati quando lo si desidera, iniziando con pochi minuti alla volta fino a ore intere, sempre <strong>alternandoli spesso a momenti di riposo a occhio nudo o a occhi chiusi e coperti con le mani<\/strong>.<\/p>\n\t\t\t<\/div>\n\t\t<\/div>\n\t\t\t\t<div id=\"qaef-3065\" class=\"qe-faq-toggle \">\n\t\t\t<div class=\"qe-toggle-title\">\n\t\t\t\t<h4>\n\t\t\t\t\t<i class=\"fa fa-minus-circle\"><\/i> I dispositivi SenzaLenti\u2122 \u201cguariscono\u201d la vista?\ufffc\t\t\t\t<\/h4>\n\t\t\t<\/div>\n\t\t\t<div class=\"qe-toggle-content\">\n\t\t\t\t\n<p>Potrebbe succedere ma \u00e8 molto difficile e sarebbe sbagliato pretenderlo.\u00a0 Usare i dispositivi SenzaLenti\u2122 alternandoli agli occhiali correttivi graduati gi\u00e0 ci mette nelle condizioni per impedire che il difetto visivo possa ulteriormente peggiorare (nel caso in cui ci\u00f2 dipenda dall\u2019 uso degli occhiali correttivi), e questo potrebbe essere di per s\u00e9 un buon risultato.\u00a0 Puntare alla \u201cguarigione\u201d della vista con questi soli mezzi \u00e8 per\u00f2 chiedere troppo!\u00a0 Chi fosse interessato alla \u201cCura della Vista mediante Metodi Naturali\u201d dovrebbe studiare l\u2019unico e solo metodo che possa garantire risultati concreti e duraturi, e cio\u00e8 il Sistema Bates\u00ae (cio\u00e8 la versione originaria e non manomessa del \u00abMetodo\u00bb del Dott. Bates), che viene divulgata sin dal 2002 in lingua italiana sul sito ufficiale <a href=\"http:\/\/sistemabates.it\" target=\"_blank\" rel=\"noreferrer noopener\">http:\/\/sistemabates.it<\/a>.<\/p>\n\t\t\t<\/div>\n\t\t<\/div>\n\t\t\t\t<div id=\"qaef-3066\" class=\"qe-faq-toggle \">\n\t\t\t<div class=\"qe-toggle-title\">\n\t\t\t\t<h4>\n\t\t\t\t\t<i class=\"fa fa-minus-circle\"><\/i> Dove vengono realizzati i dispositivi SenzaLenti\u2122?\ufffc\t\t\t\t<\/h4>\n\t\t\t<\/div>\n\t\t\t<div class=\"qe-toggle-content\">\n\t\t\t\t\n<p>I dispositivi SenzaLenti\u2122 sono prodotti interamente in Italia utilizzando componenti di elevatissima qualit\u00e0 che non temono confronti con qualsiasi altro prodotto simile in commercio in tutto il mondo.<\/p>\n\t\t\t<\/div>\n\t\t<\/div>\n\t\t\t\t<div id=\"qaef-3067\" class=\"qe-faq-toggle \">\n\t\t\t<div class=\"qe-toggle-title\">\n\t\t\t\t<h4>\n\t\t\t\t\t<i class=\"fa fa-minus-circle\"><\/i> Come viene ricavato il \u00abreticolo di f\u00f3ri\u00bb?\ufffc\t\t\t\t<\/h4>\n\t\t\t<\/div>\n\t\t\t<div class=\"qe-toggle-content\">\n\t\t\t\t\n<p>Mediante punzonatura a freddo su trancia in acciaio.\u00a0 Questa particolare lavorazione garantisce che l\u2019interno del foro venga rifinito in modo tale che non ci siano riflessi, dato che la superficie ricavata non \u00e8 lucida e non riflette.\u00a0 Il risultato \u00e8 che i raggi obliqui vengono assorbiti praticamente tutti e non ci sono riverberi fastidiosi che penetrano negli occhi, come invece accade per tutti gli altri prodotti similari sul mercato, anche quelli con i f\u00f3ri \u00abconici\u00bb..<\/p>\n\t\t\t<\/div>\n\t\t<\/div>\n\t\t\t\t<div id=\"qaef-3068\" class=\"qe-faq-toggle \">\n\t\t\t<div class=\"qe-toggle-title\">\n\t\t\t\t<h4>\n\t\t\t\t\t<i class=\"fa fa-minus-circle\"><\/i> Perch\u00e9 non usate i \u00abf\u00f3ri conici\u00bb?\ufffc\t\t\t\t<\/h4>\n\t\t\t<\/div>\n\t\t\t<div class=\"qe-toggle-content\">\n\t\t\t\t\n<p>Non ve ne \u00e8 alcun bisogno, come spiegato nella domanda precedente.<\/p>\n\t\t\t<\/div>\n\t\t<\/div>\n\t\t\t\t<div id=\"qaef-3069\" class=\"qe-faq-toggle \">\n\t\t\t<div class=\"qe-toggle-title\">\n\t\t\t\t<h4>\n\t\t\t\t\t<i class=\"fa fa-minus-circle\"><\/i> Che dimensione hanno i f\u00f3ri?\ufffc\t\t\t\t<\/h4>\n\t\t\t<\/div>\n\t\t\t<div class=\"qe-toggle-content\">\n\t\t\t\t\n<p>La definizione normale \u00e8 di 1 mm di diametro per 1 mm di profondit\u00e0.<\/p>\n\n\n\n<p>I f\u00f3ri dei dispositivi SenzaLenti\u2122 sono disposti secondo la <em>sezione aurea piramidale<\/em> a \u00ab<strong>contropasso verticale<\/strong>\u00bb, una specialit\u00e0 esclusiva del marchio SenzaLenti\u2122.<\/p>\n\t\t\t<\/div>\n\t\t<\/div>\n\t\t\t\t<div id=\"qaef-3070\" class=\"qe-faq-toggle \">\n\t\t\t<div class=\"qe-toggle-title\">\n\t\t\t\t<h4>\n\t\t\t\t\t<i class=\"fa fa-minus-circle\"><\/i> I dispositivi SenzaLenti\u2122 soffrono del difetto dei \u00abquattro cantoni\u00bb?\ufffc\t\t\t\t<\/h4>\n\t\t\t<\/div>\n\t\t\t<div class=\"qe-toggle-content\">\n\t\t\t\t\n<p>Questo difetto, che consiste nell\u2019 apparizione molteplice di fastidiose <strong>palle nere<\/strong> davanti agli occhi ed \u00e8 tipico dei modelli economici di commercializzazione tedesca come i \u201c<em>rasterbrille<\/em>\u201d, non \u00e8 assolutamente presente nei dispositivi originali SenzaLenti\u2122, che godono di f\u00f3ri perfettamente cilindrici e attentamente calibrati per evitare ogni sovrapposizione fastidiosa che possa disturbare il lettore.<\/p>\n\t\t\t<\/div>\n\t\t<\/div>\n\t\t\t\t<div id=\"qaef-3071\" class=\"qe-faq-toggle \">\n\t\t\t<div class=\"qe-toggle-title\">\n\t\t\t\t<h4>\n\t\t\t\t\t<i class=\"fa fa-minus-circle\"><\/i> Perch\u00e9 non usate diametri diversi dei f\u00f3ri a seconda del difetto visivo?\ufffc\t\t\t\t<\/h4>\n\t\t\t<\/div>\n\t\t\t<div class=\"qe-toggle-content\">\n\t\t\t\t\n<p>Non \u00e8 necessario in quanto sarebbe una <strong>falsa soluzione<\/strong> a un <strong>falso problema<\/strong>.\u00a0 <\/p>\n\n\n\n<p>Pi\u00fa <em>piccoli<\/em> sono i f\u00f3ri, maggiore \u00e8 il miglioramento della messa a fuoco, minore \u00e8 la luce e la possibilit\u00e0 di vedere.\u00a0 <\/p>\n\n\n\n<p>Pi\u00fa <em>grandi<\/em> sono i fori, vice versa, maggiore \u00e8 la possibilit\u00e0 di vedere, ma minore \u00e8 il miglioramento della messa a fuoco.\u00a0 <\/p>\n\n\n\n<p>La soluzione vera \u00e8 quella di usare pi\u00fa luce nell\u2019 ambiente in cui si devono usare (installando delle potenti lampade ad ampio spettro come le nuove realizzazioni a diodi di marca PienaLuceLED\u2122).\u00a0 <\/p>\n\n\n\n<p>Nel guardare alla televisione al buio \u00e8 consigliabile, se necessario (ma di solito non lo \u00e8), aumentare il livello di luminosit\u00e0 dello schermo.\u00a0 <\/p>\n\n\n\n<p>NOTA IMPORTANTE:  Per ottenere dei <strong>f\u00f3ri pi\u00f9 piccoli<\/strong>, \u00e8 sempre possibile allontanare di qualche millimetro la distanza dalla lente forata dagli occhi, <em>vice versa<\/em> per ottenere f\u00f3ri pi\u00f9 grandi.<\/p>\n\t\t\t<\/div>\n\t\t<\/div>\n\t\t\t\t<div id=\"qaef-3072\" class=\"qe-faq-toggle \">\n\t\t\t<div class=\"qe-toggle-title\">\n\t\t\t\t<h4>\n\t\t\t\t\t<i class=\"fa fa-minus-circle\"><\/i> I dispositivi SenzaLenti\u2122 sono utili per difendersi dal sole?\ufffc\t\t\t\t<\/h4>\n\t\t\t<\/div>\n\t\t\t<div class=\"qe-toggle-content\">\n\t\t\t\t\n<p>I dispositivi originali SenzaLenti\u2122 sono il modo migliore per ri-abituarsi alla normale luce del sole senza strizzare gli occhi o soffrire di disturbi organici fastidiosi quali congiuntiviti, cheratiti, blefariti, calazio, eccetera eccetera.\u00a0 Poich\u00e9 il reticolo piramidale di f\u00f3ri riduce considerevolmente la quantit\u00e0 di raggi solari che colpisce l\u2019occhio, essi riducono considerevolmente anche la quantit\u00e0 dei raggi ultravioletti.\u00a0 Poich\u00e9 per\u00f2 non li filtrano totalmente, l\u2019occhio non viene privato del loro apporto benefico in modiche quantit\u00e0.\u00a0 Continuando l\u2019uso regolare dei dispositivi SenzaLEnti\u2122, alternandolo a quello degli occhiali da sole, se necessario, il cliente si ritrova, dopo qualche settimana, a non soffrire pi\u00fa alcun fastidio dalla luce.<\/p>\n\t\t\t<\/div>\n\t\t<\/div>\n\t\t\t\t<div id=\"qaef-3075\" class=\"qe-faq-toggle \">\n\t\t\t<div class=\"qe-toggle-title\">\n\t\t\t\t<h4>\n\t\t\t\t\t<i class=\"fa fa-minus-circle\"><\/i> I dispositivi SenzaLenti\u2122 e la cura della vista mediante il Sistema Bates\u00ae\t\t\t\t<\/h4>\n\t\t\t<\/div>\n\t\t\t<div class=\"qe-toggle-content\">\n\t\t\t\t\n<p>PREMESSA:  Nell\u2019 aprile del 2006 \u00e8bbimo una conversazione con un cliente che chiedeva informazioni in relazione alla pratica della cura della vista mediante i metodi di riposo mentale del Dott. Bates come pubblicati nei suoi libri originali disponibili in edizione italiana non manomessa a partire dal 2002 dalla Casa Editrice delle Consulenze Gioviali\u00ae (gi\u00e0 denominata all\u2019 \u00e8poca <em>Juppiter Consulting Publishing Company\u00ae<\/em>).&nbsp; Ne riportiamo le parti essenziali nella speranza di aiutare il Lettore moderno a orientarsi meglio nella selva pericolosa che il mercato attuale degli occhiali bucati \u00e8 diventato nel corso degli ultimi anni\u2026<\/p>\n\n\n\n<p>Salve,<br>premetto che non sono sicuro se questo sia l&#8217;indirizzo giusto per chiedere informazioni ma \u00e8 l&#8217;unico che ho trovato sul\u00a0vostro sito, perci\u00f2&#8230;&nbsp; Ho conosciuto gli occhiali stenopeici e il\u00a0Sistema Bates\u00ae\u00a0grazie al mio omeopata (un medico intelligente e preparato di cui mi fido) e vorrei provare.\u00a0 Io ho una miopia di 3,5 gradi (se si dice cos\u00ec) da parecchi anni (ne ho 30) e mi pare di aver capito che questo sistema permetta di recuperare la vista perfetta (quindi di far retrocedere la miopia, nel mio caso) grazie a esercizi, senza ricorrere al laser o alla chirurgia.&nbsp; Non so se questo sistema sia veramente efficace e se qualcuno sia guarito davvero del tutto dai suoi problemi, ma credo che valga la pena di tentare.\u00a0<br>Avrei per\u00f2 un paio di domande: <br>In che rapporto sono gli occhiali stenopeici con il <em>Sistema Bates<\/em>?\u00a0 Servono tutti e due per iniziare il percorso di \u201cguarigione\u201d?\u00a0 O \u00e8 meglio che inizi con uno piuttosto che con l&#8217;altro?\u00a0 Se compro gli occhiali, \u00e8 incluso anche un manuale sulle modalit\u00e0 del loro utilizzo (tempi, metodi, ecc&#8230;)?\u00a0<br>Ringraziandovi per la pazienza e l\u2019attenzione, attendo una vostra risposta.<\/p>\n\n\n\n<h3 class=\"wp-block-heading\"><em>Le nostre risposte<\/em><\/h3>\n\n\n\n<p><em>a)\u00a0 Nessun rapporto diretto, sono due cose completamente diverse e indipendenti.\u00a0 Il solo Sistema Bates\u00ae rappresenta la vera cura.\u00a0 I fori stenopeici sono solo un palliativo che pu\u00f2 essere efficace per un certo periodo, poi vanno abbandonati man mano che la cura prosegue.\u00a0 Ci\u00f2 sta a dire: puoi fare a meno degli stenopeici ma non della Cura di Bates se vuoi guarire la vista.<\/em><br><em>b)\u00a0 <em>I f\u00f3ri sarebbero consigliabili a chi intende migliorare la propria vista, ma non riesce a stare sempre senza occhiali (condizione necessaria per il miglioramento definitivo).&nbsp; Sarebbero da impiegarsi in casi di emergenza al posto degli occhiali<\/em>.<\/em><br><em>c)\u00a0 Se uno \u00e8 seriamente intenzionato a guarire la vista, deve studiarsi il Sistema Bates\u00ae.<\/em><br><em>d)\u00a0 S\u00ed, brevi istruzioni molto pratiche e diverse tabelle per esercitarsi sin da s\u00fabito [oltre che un numero della rivista IL FALCO in stampa fine e microscopica, NdR].<\/em><\/p>\n\t\t\t<\/div>\n\t\t<\/div>\n\t\t            <\/div>\n\t\t\n","protected":false},"excerpt":{"rendered":"","protected":false},"author":3,"featured_media":0,"parent":0,"menu_order":7,"comment_status":"closed","ping_status":"closed","template":"","meta":{"footnotes":""},"class_list":["post-311","page","type-page","status-publish","hentry"],"_links":{"self":[{"href":"https:\/\/senzalenti.it\/index.php?rest_route=\/wp\/v2\/pages\/311","targetHints":{"allow":["GET"]}}],"collection":[{"href":"https:\/\/senzalenti.it\/index.php?rest_route=\/wp\/v2\/pages"}],"about":[{"href":"https:\/\/senzalenti.it\/index.php?rest_route=\/wp\/v2\/types\/page"}],"author":[{"embeddable":true,"href":"https:\/\/senzalenti.it\/index.php?rest_route=\/wp\/v2\/users\/3"}],"replies":[{"embeddable":true,"href":"https:\/\/senzalenti.it\/index.php?rest_route=%2Fwp%2Fv2%2Fcomments&post=311"}],"version-history":[{"count":0,"href":"https:\/\/senzalenti.it\/index.php?rest_route=\/wp\/v2\/pages\/311\/revisions"}],"wp:attachment":[{"href":"https:\/\/senzalenti.it\/index.php?rest_route=%2Fwp%2Fv2%2Fmedia&parent=311"}],"curies":[{"name":"wp","href":"https:\/\/api.w.org\/{rel}","templated":true}]}}