{"id":74,"date":"2009-08-16T17:32:34","date_gmt":"2009-08-16T15:32:34","guid":{"rendered":"http:\/\/senzalenti.rishisrl.it\/?page_id=74"},"modified":"2019-01-30T10:25:11","modified_gmt":"2019-01-30T09:25:11","slug":"migliorare-la-vista","status":"publish","type":"page","link":"https:\/\/senzalenti.it\/?page_id=74","title":{"rendered":"migliorare la vista"},"content":{"rendered":"<p>Come tutti sanno, la \u00abvista difettosa\u00bb, ovveross\u00eda l\u2019 <em>errore di rifrazione<\/em> che causa la miop\u00eda, l\u2019 ipermetrop\u00eda, l\u2019 astigmatismo e la presbiop\u00eda, <strong>non si pu\u00f2 n\u00e9 curare n\u00e9 guarire<\/strong>, ma soltanto \u00abcorreggere\u00bb mediante la prescrizione di occhiali da vista dotati di lenti graduate, o di lenti a contatto o con altri sistemi (quali le operazioni al laser) che <em>agiscono sulla rifrazione<\/em>.<\/p>\n<p>Questa affermazione \u00e8 in realt\u00e0 vera solamente in parte.<\/p>\n<p>Cio\u00e8: \u00a0finch\u00e9 si agisce sulla rifrazione dall\u2019esterno utilizzando occhiali graduati o lenti a contatto, \u00e8 impossibile (tranne in rarissime eccezioni) che l\u2019 occhio guarisca il suo difetto di rifrazione, perch\u00e9 esso viene forzato a rimanere tale (o ad aggravarsi) proprio dall\u2019 attrezzo che si usa per \u201ccorreggerlo\u201d.<\/p>\n<p>Poich\u00e9 i <em>SenzaLenti eyeMoving\u2122<\/em> sono un ausilio visivo che <strong>non agisce sulla rifrazione<\/strong> e che consente comunque di vedere meglio a occhio nudo senza lenti correttive, esso <strong>crea le condizioni migliori<\/strong> affinch\u00e9 la \u201cguarigione\u201d della vista difettosa possa mai accadere.<\/p>\n<p><strong>\u00c8 sbagliato dire che i dispositivi a foro stenopeico \u201cguariscono\u201d l\u2019errore rifrattivo dell\u2019 occhio.<\/strong><\/p>\n<p>\u00c8 corretto dire che i <em>SenzaLenti eyeMoving\u2122<\/em> <strong>possono aiutare a interrompere la dipendenza dagli occhiali da vista o dalle lenti a contatto<\/strong> e perci\u00f2 possono consentire a chi ha una vista difettosa di provare a curarla pi\u00fa facilmente usando metodi naturali che prescindono dall\u2019 uso delle lenti correttive che agiscono sulla rifrazione.<\/p>\n<p>&nbsp;<\/p>\n","protected":false},"excerpt":{"rendered":"<p>Come tutti sanno, la \u00abvista difettosa\u00bb, ovveross\u00eda l\u2019 errore di rifrazione che causa la miop\u00eda, l\u2019 ipermetrop\u00eda, l\u2019 astigmatismo e la presbiop\u00eda, non si pu\u00f2 n\u00e9 curare n\u00e9 guarire, ma soltanto \u00abcorreggere\u00bb mediante la prescrizione di occhiali da vista dotati di lenti graduate, o di lenti a contatto o con altri sistemi (quali le operazioni [&hellip;]<\/p>\n","protected":false},"author":3,"featured_media":0,"parent":0,"menu_order":4,"comment_status":"closed","ping_status":"open","template":"","meta":{"footnotes":""},"class_list":["post-74","page","type-page","status-publish","hentry"],"_links":{"self":[{"href":"https:\/\/senzalenti.it\/index.php?rest_route=\/wp\/v2\/pages\/74","targetHints":{"allow":["GET"]}}],"collection":[{"href":"https:\/\/senzalenti.it\/index.php?rest_route=\/wp\/v2\/pages"}],"about":[{"href":"https:\/\/senzalenti.it\/index.php?rest_route=\/wp\/v2\/types\/page"}],"author":[{"embeddable":true,"href":"https:\/\/senzalenti.it\/index.php?rest_route=\/wp\/v2\/users\/3"}],"replies":[{"embeddable":true,"href":"https:\/\/senzalenti.it\/index.php?rest_route=%2Fwp%2Fv2%2Fcomments&post=74"}],"version-history":[{"count":0,"href":"https:\/\/senzalenti.it\/index.php?rest_route=\/wp\/v2\/pages\/74\/revisions"}],"wp:attachment":[{"href":"https:\/\/senzalenti.it\/index.php?rest_route=%2Fwp%2Fv2%2Fmedia&parent=74"}],"curies":[{"name":"wp","href":"https:\/\/api.w.org\/{rel}","templated":true}]}}