{"id":79,"date":"2009-08-16T17:41:21","date_gmt":"2009-08-16T15:41:21","guid":{"rendered":"http:\/\/senzalenti.rishisrl.it\/?page_id=79"},"modified":"2022-06-27T16:43:36","modified_gmt":"2022-06-27T14:43:36","slug":"testimonianze","status":"publish","type":"page","link":"https:\/\/senzalenti.it\/?page_id=79","title":{"rendered":"testimonianze"},"content":{"rendered":"\n<p><em>Sin dal 2001\/2002, la nostra societ\u00e0 ha raccolto centinaia di testimonianze sull\u2019 uso efficace dei suoi dispositivi a foro stenopeico <\/em><strong>SenzaLenti<\/strong><em>.&nbsp; In questa pagina ne riportiamo solamente una parte veramente minimale.&nbsp; Vengono qui offerte come esempio assolutamente non esaustivo.<\/em><\/p>\n\n\n\n<hr class=\"wp-block-separator has-css-opacity\"\/>\n\n\n\n<p>Mi sono arrivati stamattina e ho gi\u00e0 cominciato a fare delle prove.&nbsp; Ho letto alla luce del sole (anche se \u00e8 un po\u2019 nuvoloso) la stampa fine dell\u2019 opuscolo allegato a un palmo e mezzo tranquillamente e la tabella di Snellen allegAta a una distanza di 4 metri, quella dal colore bianco, con la E in cima e la mia visione \u00e8 7\/10 con gli occhiali stenopeici.&nbsp; Sto leggendo come scritto dalla prima lettera all\u2019 ultima che posso vedere senza sforzare, poi appena sono arrivato a questa chiudo gli occhi, li riapro istantaneamente su una pi\u00f9 piccola e ricomincio da capo.&nbsp; Ho provato anche a l\u00e8ggere tenendo a mente qualcosa di piacevole e il risultato \u00e8 stato che le immagini si sono schiarite un po\u2019.&nbsp; Mi trovo molto meglio che con altri stenopeici che avevo trovato a prezzo decisamente inferiore.<\/p>\n\n\n\n<p class=\"has-text-align-right\">L.V.P. (An)<\/p>\n\n\n\n<hr class=\"wp-block-separator has-css-opacity\"\/>\n\n\n\n<p>Scrive un ottico parlando con un nostro cliente:&nbsp; \u00abGli occhiali a foro stenopeico \u201cnon guariscono n\u00e9 miopia n\u00e9 ipermetropia&#8221;, semplicemente lasciano entrare la&nbsp; radiazione luminosa solamente dai fori piccolissimi; il cono di luce che ne esce \u00e8 altrettanto piccolo e passa tale e quale attraverso i punti nodali dell\u2019 occhio, ovvero quei punti dove la radiazione luminosa non subisce rifrazione, formando sulla r\u00e8tina un cerchio di \u201cminima confusione\u201d.&nbsp; In generale il muro di luce diretto agli ochi colpisce tutta la cornea e ivi subisce una prima convergenza e poi una seconda per mezzo del cristallino per finire esattamente sulla r\u00e8tina; nel miope questa immagine puntiforme si forma <em>prima<\/em> della r\u00e8tina e su di essa si forma un cerchio di confusione ampio (visione sfuocata).&nbsp; Nell\u2019ipermetrope accade il contrario, cio\u00e8 il cerchio di confusione compare ugualmente ma perch\u00e9 l&#8217;immagine puntiforme si forma <em>dopo<\/em> la r\u00e8tina\u00bb.<\/p>\n\n\n\n<p>Risponde l\u2019utilizzatore dei <strong>SenzaLenti eyeMoving\u2122<\/strong>:&nbsp; \u00abIo sono totalmente ignorante in materia, per\u00f2 io li uso e le posso garantire che prima la tastiera del PC, senza occhiali, non la vedevo per niente, era tutto offuscato.&nbsp; Oggi sono due mesi o poco pi\u00f9 che li uso, e adesso posso anche leggere i bugiardini dei medicinali, con mia grande gioia mi creda.&nbsp; Per\u00f2 \u00e8 importante la costanza, non uso pi\u00f9 i miei occhiali, si sono sgonfiati gli occhi, ho un occhio sano, bello anche da vedere.&nbsp; I miei occhi sembravano addormentati, quando usavo gli occhiali correttivi, come se non avessero pi\u00f9 vitalit\u00e0, mentre ora sono belli e hanno una nuova luce\u00bb.<\/p>\n\n\n\n<p>Replica dell\u2019ottico:&nbsp; \u00abSicuramente, funzionano in quel senso\u2026&nbsp; Per il motivo che ho descritto sopra.&nbsp; Volevo solo precisare che <em>non guariscono,<\/em> ma l&#8217;uso migliora di certo la visione.&nbsp; L&#8217; occhio di conseguenza si riposa, non accomoda in continuazione e quindi anche appena tolti sembra che la vista sia migliorata, ma basta non usarli per qualche giorno che tutto ridiventa come prima\u2026&nbsp; Tutto bene se uno decide di usarli sempre\u00bb.<\/p>\n\n\n\n<p class=\"has-text-align-right\"><em>O.O. e P.M. (Fg)<\/em><\/p>\n\n\n\n<hr class=\"wp-block-separator has-css-opacity\"\/>\n\n\n\n<p>Sono passati tre mesi da quando ho iniziato a usare i SenzaLenti per trattare la mia consolidata presbiopia:&nbsp; ho 47 anni e usavo lenti correttive da circa 4 anni, con evidenti fastid\u00ee.&nbsp; Sono riuscita a eliminare gli occhiali abbastanza facilmente, grazie alle informazioni contenute nelle istruzioni per l\u2019 uso e soprattutto dopo aver letto una copia della rivista \u00abil falco\u00bb.&nbsp; Ora leggo tranquillamente senza occhiali anche in luce bassa, se i caratteri sono \u201cnormali\u201d, una cosa che prima non potevo assolutamente fare.&nbsp; Ho trovato beneficio anche dalla luce del sole, questa estate, leggendo senza occhiali, o con i SenzaLenti, la pagina ben illuminata.<\/p>\n\n\n\n<p class=\"has-text-align-right\"><em>E. B.<\/em><\/p>\n\n\n\n<hr class=\"wp-block-separator has-css-opacity\"\/>\n\n\n\n<p>Ho sofferto di ipermetropia per tutta la vita, e ora che ho settant\u2019 anni ho ricevuto in regalo questo paio di occhiali \u201cbucati\u201d.&nbsp; All\u2019 inizio ero un po\u2019 disturbata da quella ragnatela che si vede attraverso, ma poi ho capito un po\u2019 il trucco e ho iniziato a usarli pi\u00f9 spesso.&nbsp; Poi sono andata dall\u2019 oculista, che mi ha misurato due diottr\u00ede per lontano e cinque per vicino, ma io sono stupita del fatto che dopo poche settimane riesco a guidare benissimo senza occhiali e a infilare l\u2019 ago per cucire in modo incredibile, sempre senza nessun tipo di aiuto.&nbsp; Ora mi sto dedicando a imparare a leggere senza occhiali, e anche se sento ancora un po\u2019 di fatica perch\u00e9 tendo a sforzarmi, e devo leggere molto piano, devo dire che non c\u2019\u00e8 paragone rispetto a quando non conoscevo queste cose.&nbsp; Ad esempio, la tenue luce di una normale lampadina elettrica mi dava un fastidio enorme e mi ero ridotta a leggere con gli occhiali da vista quasi al buio.&nbsp; Adesso sto al sole il pi\u00f9 possibile e quando trovo la posizione giusta leggo facilmente e non mi stanco.<\/p>\n\n\n\n<p class=\"has-text-align-right\"><em>R. R. (Mi)<\/em><\/p>\n\n\n\n<hr class=\"wp-block-separator has-css-opacity\"\/>\n\n\n\n<p>Soffro di presbitismo leggero, -2 diottrie, e mi sono accorto che gli occhiali da vista mi peggiorano la vista.&nbsp; Gli occhiali SenzaLenti mi hanno dato dei benefici \u2014 ora riesco a leggere quasi tutto un quotidiano senza occhiali da vista &#8230; Non porto pi\u00f9 occhiali da sole &#8230; E riesco a utilizzare lo schermo del PC (21 pollici) quasi sempre senza occhiali&#8230;<\/p>\n\n\n\n<p class=\"has-text-align-right\"><em>G. V. (To)<\/em><\/p>\n\n\n\n<hr class=\"wp-block-separator has-css-opacity\"\/>\n\n\n\n<p>Mi hanno aiutato moltissimo a superare il fastidio che mi dava il sole.&nbsp; Ora posso addirittura guardarlo dritto negli occhi senza alcun tipo di occhiale e sento che mi fa benissimo.&nbsp; Nel frattempo, ho praticamente superato i primi sintomi di presbiopia, e mi sono accorta che questa strana malattia non \u00e8 altro che un condizionamento mentale, una fantasia che avevo anch\u2019 io subito e accettato per vera ma che non ha, almeno nel mio caso, sostanza alcuna.<\/p>\n\n\n\n<p class=\"has-text-align-right\"><em>M. C. G.<\/em><\/p>\n\n\n\n<hr class=\"wp-block-separator has-css-opacity\"\/>\n\n\n\n<p>Conosco e utilizzo gli occhiali a foro stenopeico nella mia professione da pi\u00f9 di dieci anni.&nbsp; Li considero un ottimo strumento per migliorare tutti i casi di problemi rifrattivi e li consiglio sempre ai miei clienti che non tollerano le lenti graduate.<\/p>\n\n\n\n<p class=\"has-text-align-right\"><em>R. T.<\/em><\/p>\n\n\n\n<hr class=\"wp-block-separator has-css-opacity\"\/>\n\n\n\n<p>All\u2019inizio non credevo ai miei occhi!&nbsp; Ho provato questi occhiali a una manifestazione fieristica e mi sono stupito del fatto che potevo leggere tranquillamente da vicino senza usare i costosissimi occhiali progressivi appena acquistati\u2026&nbsp; Davvero \u00e8 incredibile scoprire come un oggetto cos\u00ec semplice possa essere cos\u00ec d\u2019 aiuto per chi \u00e8 ipovedente.<\/p>\n\n\n\n<p class=\"has-text-align-right\"><em>L. P.<\/em><\/p>\n\n\n\n<hr class=\"wp-block-separator has-css-opacity\"\/>\n\n\n\n<p>Finalmente vedo con i miei occhi!!!&nbsp; Per la prima volta nella mia vita posso leggere le insegne dei negozi naturalmente, senza quegli orrendi occhiali da quindici diottrie che porto ormai da anni\u2026&nbsp; Il mio \u00e8 un caso di alta miopia e strabismo, di quelli considerati impossibili, non operabili, eccetera, ma attraverso i fori stenopeici IO CI VEDO veramente!!!&nbsp; Purtroppo non posso usarli molto spesso perch\u00e9 sul lavoro ancora non me la sento, ma spero di superare questa mia difficolt\u00e0 presto.<\/p>\n\n\n\n<p class=\"has-text-align-right\"><em>C. M.<\/em><\/p>\n\n\n\n<hr class=\"wp-block-separator has-css-opacity\"\/>\n\n\n\n<p>Sono ipermetrope e so che il mio difetto visivo \u00e8 dei pi\u00f9 difficili, soprattutto perch\u00e9 varia molto durante la giornata.&nbsp; Dopo aver vinto molta riluttanza ho preso l\u2019 abitudine di usare i SenzaLenti ogni volta che posso.&nbsp; Quando devo leggere a letto, per esempio, tenendo il libro molto vicino agli occhi, ora posso indossarli e usare una torcia elettrica per illuminare le righe per leggere benissimo e nel contempo allenare i miei impigriti muscoli oculari.&nbsp; Sono molto soddisfatta dei miei <em>SenzaLenti eyeMoving\u2122<\/em>!<\/p>\n\n\n\n<p class=\"has-text-align-right\"><em>N. F.<\/em><\/p>\n\n\n\n<hr class=\"wp-block-separator has-css-opacity\"\/>\n\n\n\n<p>Da quando mio figlio mi ha regalato un paio di <em>SenzaLenti eyeMoving\u2122<\/em> finalmente posso guardare la televisione senza stancarmi e soprattutto mi sono molto utili in viaggio, sia in treno sia in autostrada, quando alla guida c\u2019\u00e8 mio marito, perch\u00e9 non solo riducono il fastidio del sole ma anche il fastidio del movimento monotono del paesaggio che scorre.<br>Inoltre, non uso quasi pi\u00f9 i varii occhiali da vista che ho collezionato i tanti anni.&nbsp; Ogni tanto succede per qualche vecchia abitudine che me li trovo sul naso per esempio quando lavoro con la macchina da cucire e non riesco a infilare l\u2019ago; allora mi ricordo, me li tolgo, indosso i SenzaLenti e\u2026 zack! il filo \u00e8 pronto in un secondo!!!<\/p>\n\n\n\n<p class=\"has-text-align-right\"><em>L. F.<\/em><\/p>\n\n\n\n<hr class=\"wp-block-separator has-css-opacity\"\/>\n\n\n\n<p>Vedo che alcune persone all\u2019 inizio non si trovano bene con i dispositivi stenopeici, e io stesso al mio primo utilizzo ho esagerato (due ore di fila al cinema!) e nei giorni seguenti ho avuto un po\u2019 di mal di testa.&nbsp; Ma poi ho capito che \u00e8 l\u2019abitudine a fissare lo sguardo in continuazione che rende i dispositivi fastidiosi: bisogna imparare a muovere di pi\u00f9 la desta.&nbsp; Dopo un po\u2019 ci si abitua.&nbsp; Ed \u00e8 un ri-abituarsi a un qualcosa di pi\u00f9 naturale degli occhiali, quindi quel minimo di fastidio iniziale si \u00e8 poi trasformato in un grande sollievo dopo i primi tempi.<\/p>\n\n\n\n<p class=\"has-text-align-right\"><em>R. G.<\/em><\/p>\n\n\n\n<hr class=\"wp-block-separator has-css-opacity\"\/>\n\n\n\n<div style=\"padding: 10px; background: #c8c8c8 none repeat scroll 0% 50%; font-family: sans-serif; clear: both;\"><strong><big>A<\/big>ttenzione, discolpa!<br><\/strong>R.I.S.H.I. SRL, editore del sito SenzaLenti.it, certifica che le testimonianze aneddotiche qui pubblicate sono state riferite autenticamente da propri clienti.&nbsp; Essendo aneddotiche sono da considerarsi prive di valore scientifico.&nbsp; Sono per\u00f2 da considerarsi ricche di valore esperienziale, ed \u00e8 in questa ottica che l\u2019 editore le pubblica, sperando di fornire un utile incoraggiamento per chi vuole fare qualcosa di concreto, poco costoso e molto efficace per migliorare la sua vita e la sua vista.<\/div>\n","protected":false},"excerpt":{"rendered":"<p>Sin dal 2001\/2002, la nostra societ\u00e0 ha raccolto centinaia di testimonianze sull\u2019 uso efficace dei suoi dispositivi a foro stenopeico SenzaLenti.&nbsp; In questa pagina ne riportiamo solamente una parte veramente minimale.&nbsp; Vengono qui offerte come esempio assolutamente non esaustivo. Mi sono arrivati stamattina e ho gi\u00e0 cominciato a fare delle prove.&nbsp; Ho letto alla luce [&hellip;]<\/p>\n","protected":false},"author":3,"featured_media":0,"parent":0,"menu_order":5,"comment_status":"closed","ping_status":"open","template":"","meta":{"footnotes":""},"class_list":["post-79","page","type-page","status-publish","hentry"],"_links":{"self":[{"href":"https:\/\/senzalenti.it\/index.php?rest_route=\/wp\/v2\/pages\/79","targetHints":{"allow":["GET"]}}],"collection":[{"href":"https:\/\/senzalenti.it\/index.php?rest_route=\/wp\/v2\/pages"}],"about":[{"href":"https:\/\/senzalenti.it\/index.php?rest_route=\/wp\/v2\/types\/page"}],"author":[{"embeddable":true,"href":"https:\/\/senzalenti.it\/index.php?rest_route=\/wp\/v2\/users\/3"}],"replies":[{"embeddable":true,"href":"https:\/\/senzalenti.it\/index.php?rest_route=%2Fwp%2Fv2%2Fcomments&post=79"}],"version-history":[{"count":0,"href":"https:\/\/senzalenti.it\/index.php?rest_route=\/wp\/v2\/pages\/79\/revisions"}],"wp:attachment":[{"href":"https:\/\/senzalenti.it\/index.php?rest_route=%2Fwp%2Fv2%2Fmedia&parent=79"}],"curies":[{"name":"wp","href":"https:\/\/api.w.org\/{rel}","templated":true}]}}